{"id":2355,"date":"2023-10-12T11:19:23","date_gmt":"2023-10-12T11:19:23","guid":{"rendered":"https:\/\/351snow.com\/snowweek\/?page_id=2355"},"modified":"2023-10-12T11:21:14","modified_gmt":"2023-10-12T11:21:14","slug":"politica-de-cookies","status":"publish","type":"page","link":"https:\/\/351snow.com\/snowweek\/politica-de-cookies\/","title":{"rendered":"Pol\u00edtica de Cookies"},"content":{"rendered":"<div class=\"fusion-fullwidth fullwidth-box fusion-builder-row-1 fusion-flex-container nonhundred-percent-fullwidth non-hundred-percent-height-scrolling\" style=\"--awb-border-radius-top-left:0px;--awb-border-radius-top-right:0px;--awb-border-radius-bottom-right:0px;--awb-border-radius-bottom-left:0px;--awb-flex-wrap:wrap;\" ><div class=\"fusion-builder-row fusion-row fusion-flex-align-items-flex-start fusion-flex-content-wrap\" style=\"max-width:1216.8px;margin-left: calc(-4% \/ 2 );margin-right: calc(-4% \/ 2 );\"><div class=\"fusion-layout-column fusion_builder_column fusion-builder-column-0 fusion_builder_column_1_1 1_1 fusion-flex-column\" style=\"--awb-bg-blend:overlay;--awb-bg-size:cover;--awb-width-large:100%;--awb-margin-top-large:0px;--awb-spacing-right-large:1.92%;--awb-margin-bottom-large:0px;--awb-spacing-left-large:1.92%;--awb-width-medium:100%;--awb-spacing-right-medium:1.92%;--awb-spacing-left-medium:1.92%;--awb-width-small:100%;--awb-spacing-right-small:1.92%;--awb-spacing-left-small:1.92%;\"><div class=\"fusion-column-wrapper fusion-flex-justify-content-flex-start fusion-content-layout-column\"><div class=\"fusion-title title fusion-title-1 fusion-sep-none fusion-title-text fusion-title-size-one\" style=\"--awb-font-size:40px;\"><h1 class=\"fusion-title-heading title-heading-left fusion-responsive-typography-calculated\" style=\"margin:0;text-transform:uppercase;font-size:1em;--fontSize:40;line-height:var(--awb-typography1-line-height);\">Pol\u00edtica de cookies<\/h1><\/div><div class=\"fusion-text fusion-text-1\"><\/p>\n<p style=\"font-weight: 300;\"><strong style=\"font-weight: 500;\">POR QUE UTILIZAMOS COOKIES E TRATAMOS OS DADOS DE NAVEGA\u00c7\u00c3O?<\/strong><\/p>\n<p style=\"font-weight: 300;\">Neste Website s\u00e3o utilizados cookies.\u00a0<strong style=\"font-weight: 500;\">Caso utilize nosso site sem efetuar a desativa\u00e7\u00e3o dos cookies, d\u00ea sua autoriza\u00e7\u00e3o para a instala\u00e7\u00e3o dos mesmos.<\/strong><\/p>\n<p style=\"font-weight: 300;\"><strong><u>O que \u00e9 um cookie<\/u><u>?<\/u><\/strong><\/p>\n<p style=\"font-weight: 300;\">Um cookie \u00e9 um arquivo que os Websites transferem para os equipamentos que se conectam a eles. Embora os prop\u00f3sitos dos cookies, com frequ\u00eancia, sejam apenas t\u00e9cnicos tamb\u00e9m podem permitir, entre outras coisas, armazenar e recuperar informa\u00e7\u00e3o sobre os h\u00e1bitos de navega\u00e7\u00e3o de um usu\u00e1rio ou de seu equipamento e, dependendo da informa\u00e7\u00e3o que contenham e da forma em que voc\u00ea utiliza seu equipamento, podem ser usados para reconhecer o usu\u00e1rio.<\/p>\n<p style=\"font-weight: 300;\">Existem cookies que s\u00e3o controlados e gerenciados pelo pr\u00f3prio titular do site (cookies pr\u00f3prios) e outros que s\u00e3o controlados por terceiros, por exemplo, porque estes proporcionam uma ferramenta ou uma funcionalidade integrada ao site.<\/p>\n<p style=\"font-weight: 300;\">Certos cookies s\u00e3o cancelados uma vez finalizada a navega\u00e7\u00e3o no site (cookies de sess\u00e3o), enquanto outros podem continuar armazenados no equipamento dos usu\u00e1rios e ser acessados por um per\u00edodo mais longo (cookies persistentes).<\/p>\n<p style=\"font-weight: 300;\"><strong style=\"font-weight: 500;\">Que tipo de cookies utilizamos e para qu\u00ea<u>?<\/u><\/strong><\/p>\n<p style=\"font-weight: 300;\">Neste site utilizamos o seguinte tipo de cookies:<\/p>\n<ol style=\"font-weight: 300;\">\n<li><strong style=\"font-weight: 500;\">Cookies t\u00e9cnicos<\/strong><\/li>\n<\/ol>\n<p style=\"font-weight: 300;\">Utilizamos cookies t\u00e9cnicos para poder prestar os servi\u00e7os solicitados pelos nossos usu\u00e1rios. Estes cookies s\u00e3o indispens\u00e1veis para a navega\u00e7\u00e3o e a utiliza\u00e7\u00e3o das diferentes op\u00e7\u00f5es e servi\u00e7os do site, como, por exemplo, controlar o tr\u00e1fego e a comunica\u00e7\u00e3o de dados, identificar a sess\u00e3o, acessar as partes de acesso restringido, recordar a informa\u00e7\u00e3o que o usu\u00e1rio proporciona em cada etapa do processo de cadastramento ou de contrata\u00e7\u00e3o, utilizar elementos de seguran\u00e7a durante a navega\u00e7\u00e3o, armazenar conte\u00fados para a difus\u00e3o de v\u00eddeos ou som ou compartilhar conte\u00fados atrav\u00e9s das redes sociais.<\/p>\n<p style=\"font-weight: 300;\"><strong>Os cookies s\u00e3o an\u00f4nimos?<\/strong><\/p>\n<p style=\"font-weight: 300;\">Os cookies n\u00e3o cont\u00eam informa\u00e7\u00f5es que por si s\u00f3 permitam identificar um usu\u00e1rio concreto. Em rela\u00e7\u00e3o a n\u00f3s, a informa\u00e7\u00e3o obtida apenas poder\u00e1 ser associada a um usu\u00e1rio concreto caso tal usu\u00e1rio esteja identificado no site. Se for assim, tais dados ser\u00e3o incorporados em arquivos de dados de car\u00e1ter pessoal cuja responsabilidade incide sobre o titular deste site e ser\u00e3o tratados unicamente para as finalidades indicadas na presente pol\u00edtica de uso de cookies, sempre cumprindo as exig\u00eancias do regulamento em vigor relativamente \u00e0 mat\u00e9ria de prote\u00e7\u00e3o de dados de car\u00e1ter pessoal. Os usu\u00e1rios afetados poder\u00e3o exercer, a qualquer momento, seus direitos de acesso, retifica\u00e7\u00e3o ou cancelamento de sua informa\u00e7\u00e3o pessoal, assim como o de oposi\u00e7\u00e3o ao seu tratamento, de acordo com o indicado na pol\u00edtica de privacidade de nosso site.<\/p>\n<p style=\"font-weight: 300;\"><strong style=\"font-weight: 500;\">Como posso gerenciar os cookies?<\/strong><\/p>\n<p style=\"font-weight: 300;\">Os usu\u00e1rios do site t\u00eam a op\u00e7\u00e3o de n\u00e3o receber cookies, apag\u00e1-los ou serem informados acerca de sua afixa\u00e7\u00e3o mediante a configura\u00e7\u00e3o de seu navegador. Para saber como gerenciar os cookies em seu navegador, sugerimos que consulte o t\u00f3pico de Ajuda do mesmo.<\/p>\n<p style=\"font-weight: 300;\">Para seu conforto, a seguir voc\u00ea encontrar\u00e1 informa\u00e7\u00e3o proporcionada pelos desenvolvedores dos principais navegadores sobre o gerenciamento de cookies:<\/p>\n<ul style=\"font-weight: 300;\">\n<li><strong style=\"font-weight: 500;\">Chrome<\/strong>,\u00a0<a href=\"http:\/\/support.google.com\/chrome\/bin\/answer.py?hl=es&amp;answer=95647\">http:\/\/support.google.com\/chrome\/bin\/answer.py?hl=es&amp;answer=95647<\/a><\/li>\n<li><strong style=\"font-weight: 500;\">Explorer<\/strong>,\u00a0<a href=\"http:\/\/windows.microsoft.com\/es-es\/windows7\/how-to-manage-cookies-in-internet-explorer-9\">http:\/\/windows.microsoft.com\/es-es\/windows7\/how-to-manage-cookies-in-internet-explorer-9<\/a><\/li>\n<li><strong style=\"font-weight: 500;\">Firefox<\/strong>,\u00a0<a href=\"http:\/\/support.mozilla.org\/es\/kb\/habilitar-y-deshabilitar-cookies-que-los-sitios-we\">http:\/\/support.mozilla.org\/es\/kb\/habilitar-y-deshabilitar-cookies-que-los-sitios-we<\/a><\/li>\n<li><strong style=\"font-weight: 500;\">Safari<\/strong>,\u00a0<a href=\"http:\/\/support.apple.com\/kb\/ph5042\">http:\/\/support.apple.com\/kb\/ph5042<\/a><\/li>\n<\/ul>\n<p style=\"font-weight: 300;\">Caso desative os cookies, \u00e9 poss\u00edvel que n\u00e3o possa fazer uso de todas as funcionalidades do site.<\/p>\n<p style=\"font-weight: 300;\">Para inabilitar o uso de cookies publicit\u00e1rios de terceiros, os usu\u00e1rios podem visitar igualmente a p\u00e1gina de inabilita\u00e7\u00e3o da Iniciativa publicit\u00e1ria da rede (NAI, Network Advertising Initiative. P\u00e1gina em ingl\u00eas: http:\/\/www.networkadvertising.org\/managing\/opt_out.asp).<\/p><\/p>\n<\/div><\/div><\/div><\/div><\/div>","protected":false},"excerpt":{"rendered":"","protected":false},"author":1,"featured_media":0,"parent":0,"menu_order":0,"comment_status":"closed","ping_status":"open","template":"100-width.php","meta":{"_uf_show_specific_survey":0,"_uf_disable_surveys":false,"footnotes":""},"class_list":["post-2355","page","type-page","status-publish","hentry"],"yoast_head":"<!-- This site is optimized with the Yoast SEO plugin v26.1.1 - https:\/\/yoast.com\/wordpress\/plugins\/seo\/ -->\n<title>Pol\u00edtica de Cookies - 351 SNOW<\/title>\n<meta name=\"robots\" content=\"index, follow, max-snippet:-1, max-image-preview:large, max-video-preview:-1\" \/>\n<link rel=\"canonical\" href=\"https:\/\/351snow.com\/snowweek\/politica-de-cookies\/\" \/>\n<meta property=\"og:locale\" content=\"pt_PT\" \/>\n<meta property=\"og:type\" content=\"article\" \/>\n<meta property=\"og:title\" content=\"Pol\u00edtica de Cookies - 351 SNOW\" \/>\n<meta property=\"og:url\" content=\"https:\/\/351snow.com\/snowweek\/politica-de-cookies\/\" \/>\n<meta property=\"og:site_name\" content=\"351 SNOW\" \/>\n<meta property=\"article:modified_time\" content=\"2023-10-12T11:21:14+00:00\" \/>\n<meta property=\"og:image\" content=\"https:\/\/351snow.com\/snowweek\/wp-content\/uploads\/2023\/10\/imagem-seo-site.png\" \/>\n\t<meta property=\"og:image:width\" content=\"1200\" \/>\n\t<meta property=\"og:image:height\" content=\"675\" \/>\n\t<meta property=\"og:image:type\" content=\"image\/png\" \/>\n<meta name=\"twitter:card\" content=\"summary_large_image\" \/>\n<meta name=\"twitter:label1\" content=\"Tempo estimado de leitura\" \/>\n\t<meta name=\"twitter:data1\" content=\"6 minutos\" \/>\n<script type=\"application\/ld+json\" class=\"yoast-schema-graph\">{\"@context\":\"https:\/\/schema.org\",\"@graph\":[{\"@type\":\"WebPage\",\"@id\":\"https:\/\/351snow.com\/snowweek\/politica-de-cookies\/\",\"url\":\"https:\/\/351snow.com\/snowweek\/politica-de-cookies\/\",\"name\":\"Pol\u00edtica de Cookies - 351 SNOW\",\"isPartOf\":{\"@id\":\"https:\/\/351snow.com\/snowweek\/#website\"},\"datePublished\":\"2023-10-12T11:19:23+00:00\",\"dateModified\":\"2023-10-12T11:21:14+00:00\",\"breadcrumb\":{\"@id\":\"https:\/\/351snow.com\/snowweek\/politica-de-cookies\/#breadcrumb\"},\"inLanguage\":\"pt-PT\",\"potentialAction\":[{\"@type\":\"ReadAction\",\"target\":[\"https:\/\/351snow.com\/snowweek\/politica-de-cookies\/\"]}]},{\"@type\":\"BreadcrumbList\",\"@id\":\"https:\/\/351snow.com\/snowweek\/politica-de-cookies\/#breadcrumb\",\"itemListElement\":[{\"@type\":\"ListItem\",\"position\":1,\"name\":\"In\u00edcio\",\"item\":\"https:\/\/351snow.com\/snowweek\/\"},{\"@type\":\"ListItem\",\"position\":2,\"name\":\"Pol\u00edtica de Cookies\"}]},{\"@type\":\"WebSite\",\"@id\":\"https:\/\/351snow.com\/snowweek\/#website\",\"url\":\"https:\/\/351snow.com\/snowweek\/\",\"name\":\"351 SNOW\",\"description\":\"Uma viagem \u00e0 neve, de amigos para amigos. Visita o nosso site e fica a conhecer a oferta que temos para ti em Andorra e It\u00e1lia,\",\"publisher\":{\"@id\":\"https:\/\/351snow.com\/snowweek\/#organization\"},\"alternateName\":\"351SNOW\",\"potentialAction\":[{\"@type\":\"SearchAction\",\"target\":{\"@type\":\"EntryPoint\",\"urlTemplate\":\"https:\/\/351snow.com\/snowweek\/?s={search_term_string}\"},\"query-input\":{\"@type\":\"PropertyValueSpecification\",\"valueRequired\":true,\"valueName\":\"search_term_string\"}}],\"inLanguage\":\"pt-PT\"},{\"@type\":\"Organization\",\"@id\":\"https:\/\/351snow.com\/snowweek\/#organization\",\"name\":\"351 SNOW\",\"url\":\"https:\/\/351snow.com\/snowweek\/\",\"logo\":{\"@type\":\"ImageObject\",\"inLanguage\":\"pt-PT\",\"@id\":\"https:\/\/351snow.com\/snowweek\/#\/schema\/logo\/image\/\",\"url\":\"https:\/\/351snow.com\/snowweek\/wp-content\/uploads\/2025\/09\/351SNOW-NEWLogo-Horizontal-scaled.png\",\"contentUrl\":\"https:\/\/351snow.com\/snowweek\/wp-content\/uploads\/2025\/09\/351SNOW-NEWLogo-Horizontal-scaled.png\",\"width\":2560,\"height\":566,\"caption\":\"351 SNOW\"},\"image\":{\"@id\":\"https:\/\/351snow.com\/snowweek\/#\/schema\/logo\/image\/\"},\"sameAs\":[\"https:\/\/www.instagram.com\/351snow\/\"]}]}<\/script>\n<!-- \/ Yoast SEO plugin. -->","yoast_head_json":{"title":"Pol\u00edtica de Cookies - 351 SNOW","robots":{"index":"index","follow":"follow","max-snippet":"max-snippet:-1","max-image-preview":"max-image-preview:large","max-video-preview":"max-video-preview:-1"},"canonical":"https:\/\/351snow.com\/snowweek\/politica-de-cookies\/","og_locale":"pt_PT","og_type":"article","og_title":"Pol\u00edtica de Cookies - 351 SNOW","og_url":"https:\/\/351snow.com\/snowweek\/politica-de-cookies\/","og_site_name":"351 SNOW","article_modified_time":"2023-10-12T11:21:14+00:00","og_image":[{"width":1200,"height":675,"url":"https:\/\/351snow.com\/snowweek\/wp-content\/uploads\/2023\/10\/imagem-seo-site.png","type":"image\/png"}],"twitter_card":"summary_large_image","twitter_misc":{"Tempo estimado de leitura":"6 minutos"},"schema":{"@context":"https:\/\/schema.org","@graph":[{"@type":"WebPage","@id":"https:\/\/351snow.com\/snowweek\/politica-de-cookies\/","url":"https:\/\/351snow.com\/snowweek\/politica-de-cookies\/","name":"Pol\u00edtica de Cookies - 351 SNOW","isPartOf":{"@id":"https:\/\/351snow.com\/snowweek\/#website"},"datePublished":"2023-10-12T11:19:23+00:00","dateModified":"2023-10-12T11:21:14+00:00","breadcrumb":{"@id":"https:\/\/351snow.com\/snowweek\/politica-de-cookies\/#breadcrumb"},"inLanguage":"pt-PT","potentialAction":[{"@type":"ReadAction","target":["https:\/\/351snow.com\/snowweek\/politica-de-cookies\/"]}]},{"@type":"BreadcrumbList","@id":"https:\/\/351snow.com\/snowweek\/politica-de-cookies\/#breadcrumb","itemListElement":[{"@type":"ListItem","position":1,"name":"In\u00edcio","item":"https:\/\/351snow.com\/snowweek\/"},{"@type":"ListItem","position":2,"name":"Pol\u00edtica de Cookies"}]},{"@type":"WebSite","@id":"https:\/\/351snow.com\/snowweek\/#website","url":"https:\/\/351snow.com\/snowweek\/","name":"351 SNOW","description":"Uma viagem \u00e0 neve, de amigos para amigos. Visita o nosso site e fica a conhecer a oferta que temos para ti em Andorra e It\u00e1lia,","publisher":{"@id":"https:\/\/351snow.com\/snowweek\/#organization"},"alternateName":"351SNOW","potentialAction":[{"@type":"SearchAction","target":{"@type":"EntryPoint","urlTemplate":"https:\/\/351snow.com\/snowweek\/?s={search_term_string}"},"query-input":{"@type":"PropertyValueSpecification","valueRequired":true,"valueName":"search_term_string"}}],"inLanguage":"pt-PT"},{"@type":"Organization","@id":"https:\/\/351snow.com\/snowweek\/#organization","name":"351 SNOW","url":"https:\/\/351snow.com\/snowweek\/","logo":{"@type":"ImageObject","inLanguage":"pt-PT","@id":"https:\/\/351snow.com\/snowweek\/#\/schema\/logo\/image\/","url":"https:\/\/351snow.com\/snowweek\/wp-content\/uploads\/2025\/09\/351SNOW-NEWLogo-Horizontal-scaled.png","contentUrl":"https:\/\/351snow.com\/snowweek\/wp-content\/uploads\/2025\/09\/351SNOW-NEWLogo-Horizontal-scaled.png","width":2560,"height":566,"caption":"351 SNOW"},"image":{"@id":"https:\/\/351snow.com\/snowweek\/#\/schema\/logo\/image\/"},"sameAs":["https:\/\/www.instagram.com\/351snow\/"]}]}},"_links":{"self":[{"href":"https:\/\/351snow.com\/snowweek\/wp-json\/wp\/v2\/pages\/2355","targetHints":{"allow":["GET"]}}],"collection":[{"href":"https:\/\/351snow.com\/snowweek\/wp-json\/wp\/v2\/pages"}],"about":[{"href":"https:\/\/351snow.com\/snowweek\/wp-json\/wp\/v2\/types\/page"}],"author":[{"embeddable":true,"href":"https:\/\/351snow.com\/snowweek\/wp-json\/wp\/v2\/users\/1"}],"replies":[{"embeddable":true,"href":"https:\/\/351snow.com\/snowweek\/wp-json\/wp\/v2\/comments?post=2355"}],"version-history":[{"count":2,"href":"https:\/\/351snow.com\/snowweek\/wp-json\/wp\/v2\/pages\/2355\/revisions"}],"predecessor-version":[{"id":2357,"href":"https:\/\/351snow.com\/snowweek\/wp-json\/wp\/v2\/pages\/2355\/revisions\/2357"}],"wp:attachment":[{"href":"https:\/\/351snow.com\/snowweek\/wp-json\/wp\/v2\/media?parent=2355"}],"curies":[{"name":"wp","href":"https:\/\/api.w.org\/{rel}","templated":true}]}}